{"id":29,"date":"2024-10-28T11:42:52","date_gmt":"2024-10-28T11:42:52","guid":{"rendered":"https:\/\/www.juomapullotseuralle.fi\/?page_id=29"},"modified":"2024-10-28T13:59:39","modified_gmt":"2024-10-28T13:59:39","slug":"historia-ja-tausta","status":"publish","type":"page","link":"https:\/\/www.juomapullotseuralle.fi\/index.php\/historia-ja-tausta\/","title":{"rendered":"Historia ja tausta"},"content":{"rendered":"\n<p>Juomapullojen myynti seuroille on saanut alkuunsa omasta tarpeesta ja viel\u00e4 tarkemmin omasta halusta saada omille lapsille juomapullot seuran logoilla. <\/p>\n\n\n\n<p>Olen toiminut pojan jalkapallojoukkueen joukkueenjohtajana vuodesta 2015. Kev\u00e4\u00e4ll\u00e4 2024 alkoi minun 10. vuosi jojona jalkapalloseura PPJss\u00e4. Olen samalla ajanjakosolla ollut aktiivisen\u00e4 vanhampana minun tytt\u00e4ren k\u00e4spallojoukkueessa Dickeniss\u00e4. Ajanjaksolla 2015 &#8211; 2023 kunkin seuran pelaajille oli jaettu logolla varustettuja juomapulloja kerran.  <\/p>\n\n\n\n<figure class=\"wp-block-image size-medium\"><img loading=\"lazy\" decoding=\"async\" width=\"300\" height=\"225\" src=\"https:\/\/www.juomapullotseuralle.fi\/wp-content\/uploads\/2024\/10\/Alla-flaskor-2024-300x225.jpg\" alt=\"Toimitettuja juomapulloja.\" class=\"wp-image-11\" srcset=\"https:\/\/www.juomapullotseuralle.fi\/wp-content\/uploads\/2024\/10\/Alla-flaskor-2024-300x225.jpg 300w, https:\/\/www.juomapullotseuralle.fi\/wp-content\/uploads\/2024\/10\/Alla-flaskor-2024-1024x768.jpg 1024w, https:\/\/www.juomapullotseuralle.fi\/wp-content\/uploads\/2024\/10\/Alla-flaskor-2024-768x576.jpg 768w, https:\/\/www.juomapullotseuralle.fi\/wp-content\/uploads\/2024\/10\/Alla-flaskor-2024-1536x1152.jpg 1536w, https:\/\/www.juomapullotseuralle.fi\/wp-content\/uploads\/2024\/10\/Alla-flaskor-2024-2048x1536.jpg 2048w\" sizes=\"auto, (max-width: 300px) 100vw, 300px\" \/><\/figure>\n\n\n\n<p>Koska itse halusin lapsilleni juomapullot seuran logoilla niin perustin syksyll\u00e4 2023 firman joka myy juomapulloja seuroille.<\/p>\n\n\n\n<p>Minulla on pitk\u00e4 kokemus junioriurheilusta ja n\u00e4in ollen olen tietoinen urheilutarvikkeisiin liittyvist\u00e4 ongelmista ja haasteista, kuten esimerkiksi mit\u00e4 tulee juomapulloihin. Miss\u00e4, miten ja kenelle niit\u00e4 myyd\u00e4\u00e4n sek\u00e4 suurin ongelma on miss\u00e4 niit\u00e4 s\u00e4ilytet\u00e4\u00e4n \/ varastoidaan. Juomapullot viev\u00e4t paljon tilaa. Asiasta on tullut tavallaan kynnyskysymys ja lopputulemana on monessa tapauksessa, ettei seuran logoilla varustettuja juomapulloja myyd\u00e4 lainakaan.<\/p>\n\n\n\n<p>Varastointiongelman olen poistanut myym\u00e4ll\u00e4 juomapullot ennakkotilauksina.<\/p>\n\n\n\n<ul class=\"wp-block-list\">\n<li>Seuralta tulee ensin myyntilupa<\/li>\n\n\n\n<li>sovitaan seuran kanssa milt\u00e4 juomapullo tulisi n\u00e4ytt\u00e4\u00e4<\/li>\n\n\n\n<li>joukkueenjohtajat ker\u00e4\u00e4v\u00e4t tilaukset oman joukkueen pelaajilta<\/li>\n\n\n\n<li>juomapullot toimitetaan joukkueenjohtajille joka jakaa ne omille pelaajille<\/li>\n\n\n\n<li>laskutus toimituksen yhteydess\u00e4<\/li>\n<\/ul>\n\n\n\n<figure class=\"wp-block-image size-medium\"><img loading=\"lazy\" decoding=\"async\" width=\"198\" height=\"300\" src=\"https:\/\/www.juomapullotseuralle.fi\/wp-content\/uploads\/2024\/10\/simmis-laatikot-3-198x300.jpg\" alt=\"\" class=\"wp-image-30\" srcset=\"https:\/\/www.juomapullotseuralle.fi\/wp-content\/uploads\/2024\/10\/simmis-laatikot-3-198x300.jpg 198w, https:\/\/www.juomapullotseuralle.fi\/wp-content\/uploads\/2024\/10\/simmis-laatikot-3-675x1024.jpg 675w, https:\/\/www.juomapullotseuralle.fi\/wp-content\/uploads\/2024\/10\/simmis-laatikot-3-768x1165.jpg 768w, https:\/\/www.juomapullotseuralle.fi\/wp-content\/uploads\/2024\/10\/simmis-laatikot-3-1013x1536.jpg 1013w, https:\/\/www.juomapullotseuralle.fi\/wp-content\/uploads\/2024\/10\/simmis-laatikot-3.jpg 1117w\" sizes=\"auto, (max-width: 198px) 100vw, 198px\" \/><\/figure>\n\n\n\n<figure class=\"wp-block-image size-medium\"><img loading=\"lazy\" decoding=\"async\" width=\"225\" height=\"300\" src=\"http:\/\/www.juomapullotseuralle.fi\/wp-content\/uploads\/2024\/10\/pahvilaatikot-225x300.jpg\" alt=\"\" class=\"wp-image-45\" srcset=\"https:\/\/www.juomapullotseuralle.fi\/wp-content\/uploads\/2024\/10\/pahvilaatikot-225x300.jpg 225w, https:\/\/www.juomapullotseuralle.fi\/wp-content\/uploads\/2024\/10\/pahvilaatikot-768x1024.jpg 768w, https:\/\/www.juomapullotseuralle.fi\/wp-content\/uploads\/2024\/10\/pahvilaatikot-1152x1536.jpg 1152w, https:\/\/www.juomapullotseuralle.fi\/wp-content\/uploads\/2024\/10\/pahvilaatikot-rotated.jpg 1512w\" sizes=\"auto, (max-width: 225px) 100vw, 225px\" \/><\/figure>\n\n\n\n<figure class=\"wp-block-image size-medium\"><img loading=\"lazy\" decoding=\"async\" width=\"225\" height=\"300\" src=\"http:\/\/www.juomapullotseuralle.fi\/wp-content\/uploads\/2024\/10\/pulloja-225x300.jpg\" alt=\"\" class=\"wp-image-46\" srcset=\"https:\/\/www.juomapullotseuralle.fi\/wp-content\/uploads\/2024\/10\/pulloja-225x300.jpg 225w, https:\/\/www.juomapullotseuralle.fi\/wp-content\/uploads\/2024\/10\/pulloja-768x1024.jpg 768w, https:\/\/www.juomapullotseuralle.fi\/wp-content\/uploads\/2024\/10\/pulloja-1152x1536.jpg 1152w, https:\/\/www.juomapullotseuralle.fi\/wp-content\/uploads\/2024\/10\/pulloja-rotated.jpg 1512w\" sizes=\"auto, (max-width: 225px) 100vw, 225px\" \/><\/figure>\n","protected":false},"excerpt":{"rendered":"<p>Juomapullojen myynti seuroille on saanut alkuunsa omasta tarpeesta ja viel\u00e4 tarkemmin omasta halusta saada omille lapsille juomapullot seuran logoilla. Olen toiminut pojan jalkapallojoukkueen joukkueenjohtajana vuodesta 2015. Kev\u00e4\u00e4ll\u00e4 2024 alkoi minun 10. vuosi jojona jalkapalloseura PPJss\u00e4. Olen samalla ajanjakosolla ollut aktiivisen\u00e4 vanhampana minun tytt\u00e4ren k\u00e4spallojoukkueessa Dickeniss\u00e4. Ajanjaksolla 2015 &#8211; 2023 kunkin seuran pelaajille oli jaettu logolla [&hellip;]<\/p>\n","protected":false},"author":1,"featured_media":0,"parent":0,"menu_order":0,"comment_status":"closed","ping_status":"closed","template":"","meta":{"footnotes":""},"class_list":["post-29","page","type-page","status-publish","hentry"],"_links":{"self":[{"href":"https:\/\/www.juomapullotseuralle.fi\/index.php\/wp-json\/wp\/v2\/pages\/29","targetHints":{"allow":["GET"]}}],"collection":[{"href":"https:\/\/www.juomapullotseuralle.fi\/index.php\/wp-json\/wp\/v2\/pages"}],"about":[{"href":"https:\/\/www.juomapullotseuralle.fi\/index.php\/wp-json\/wp\/v2\/types\/page"}],"author":[{"embeddable":true,"href":"https:\/\/www.juomapullotseuralle.fi\/index.php\/wp-json\/wp\/v2\/users\/1"}],"replies":[{"embeddable":true,"href":"https:\/\/www.juomapullotseuralle.fi\/index.php\/wp-json\/wp\/v2\/comments?post=29"}],"version-history":[{"count":4,"href":"https:\/\/www.juomapullotseuralle.fi\/index.php\/wp-json\/wp\/v2\/pages\/29\/revisions"}],"predecessor-version":[{"id":47,"href":"https:\/\/www.juomapullotseuralle.fi\/index.php\/wp-json\/wp\/v2\/pages\/29\/revisions\/47"}],"wp:attachment":[{"href":"https:\/\/www.juomapullotseuralle.fi\/index.php\/wp-json\/wp\/v2\/media?parent=29"}],"curies":[{"name":"wp","href":"https:\/\/api.w.org\/{rel}","templated":true}]}}