{"id":9,"date":"2024-10-28T08:58:52","date_gmt":"2024-10-28T08:58:52","guid":{"rendered":"http:\/\/www.juomapullotseuralle.fi\/?page_id=9"},"modified":"2025-01-09T19:56:00","modified_gmt":"2025-01-09T19:56:00","slug":"juomapullot-seuran-pelaajille-katevasti-ja-mutkattomasti","status":"publish","type":"page","link":"https:\/\/www.juomapullotseuralle.fi\/","title":{"rendered":"Juomapullot seuran pelaajille k\u00e4tev\u00e4sti ja mutkattomasti"},"content":{"rendered":"\n<div class=\"wp-block-group alignfull has-global-padding is-layout-constrained wp-container-core-group-is-layout-3 wp-block-group-is-layout-constrained\" style=\"padding-top:var(--wp--preset--spacing--30);padding-right:var(--wp--preset--spacing--30);padding-bottom:var(--wp--preset--spacing--30);padding-left:var(--wp--preset--spacing--30)\">\n<div class=\"wp-block-group alignwide is-content-justification-space-between is-layout-flex wp-container-core-group-is-layout-2 wp-block-group-is-layout-flex\">\n<div class=\"wp-block-group is-layout-flex wp-block-group-is-layout-flex\"><h1 class=\"has-link-color wp-elements-d6202aa7d337f2ce08aedc8ed261a84e wp-block-site-title\"><a href=\"https:\/\/www.juomapullotseuralle.fi\" target=\"_self\" rel=\"home\">Juomapullotseuralle.fi<\/a><\/h1>\n\n<p class=\"wp-block-site-tagline\">Yksi WordPress sivusto<\/p><\/div>\n\n\n<nav class=\"is-responsive items-justified-right wp-block-navigation is-content-justification-right is-layout-flex wp-container-core-navigation-is-layout-1 wp-block-navigation-is-layout-flex\" aria-label=\"Valikko: Alatunniste\" \n\t\t data-wp-interactive=\"core\/navigation\" data-wp-context='{\"overlayOpenedBy\":{\"click\":false,\"hover\":false,\"focus\":false},\"type\":\"overlay\",\"roleAttribute\":\"\",\"ariaLabel\":\"Valikko\"}'><button aria-haspopup=\"dialog\" aria-label=\"Avaa valikko\" class=\"wp-block-navigation__responsive-container-open \" \n\t\t\t\tdata-wp-on-async--click=\"actions.openMenuOnClick\"\n\t\t\t\tdata-wp-on--keydown=\"actions.handleMenuKeydown\"\n\t\t\t><svg width=\"24\" height=\"24\" xmlns=\"http:\/\/www.w3.org\/2000\/svg\" viewBox=\"0 0 24 24\" aria-hidden=\"true\" focusable=\"false\"><rect x=\"4\" y=\"7.5\" width=\"16\" height=\"1.5\" \/><rect x=\"4\" y=\"15\" width=\"16\" height=\"1.5\" \/><\/svg><\/button>\n\t\t\t\t<div class=\"wp-block-navigation__responsive-container  \"  id=\"modal-1\" \n\t\t\t\tdata-wp-class--has-modal-open=\"state.isMenuOpen\"\n\t\t\t\tdata-wp-class--is-menu-open=\"state.isMenuOpen\"\n\t\t\t\tdata-wp-watch=\"callbacks.initMenu\"\n\t\t\t\tdata-wp-on--keydown=\"actions.handleMenuKeydown\"\n\t\t\t\tdata-wp-on-async--focusout=\"actions.handleMenuFocusout\"\n\t\t\t\ttabindex=\"-1\"\n\t\t\t>\n\t\t\t\t\t<div class=\"wp-block-navigation__responsive-close\" tabindex=\"-1\">\n\t\t\t\t\t\t<div class=\"wp-block-navigation__responsive-dialog\" \n\t\t\t\tdata-wp-bind--aria-modal=\"state.ariaModal\"\n\t\t\t\tdata-wp-bind--aria-label=\"state.ariaLabel\"\n\t\t\t\tdata-wp-bind--role=\"state.roleAttribute\"\n\t\t\t>\n\t\t\t\t\t\t\t<button aria-label=\"Sulje valikko\" class=\"wp-block-navigation__responsive-container-close\" \n\t\t\t\tdata-wp-on-async--click=\"actions.closeMenuOnClick\"\n\t\t\t><svg xmlns=\"http:\/\/www.w3.org\/2000\/svg\" viewBox=\"0 0 24 24\" width=\"24\" height=\"24\" aria-hidden=\"true\" focusable=\"false\"><path d=\"m13.06 12 6.47-6.47-1.06-1.06L12 10.94 5.53 4.47 4.47 5.53 10.94 12l-6.47 6.47 1.06 1.06L12 13.06l6.47 6.47 1.06-1.06L13.06 12Z\"><\/path><\/svg><\/button>\n\t\t\t\t\t\t\t<div class=\"wp-block-navigation__responsive-container-content\" \n\t\t\t\tdata-wp-watch=\"callbacks.focusFirstElement\"\n\t\t\t id=\"modal-1-content\">\n\t\t\t\t\t\t\t\t<ul class=\"wp-block-navigation__container is-responsive items-justified-right wp-block-navigation\"><li class=\" wp-block-navigation-item wp-block-navigation-link\"><a class=\"wp-block-navigation-item__content\"  href=\"https:\/\/www.juomapullotseuralle.fi\/index.php\/yhteystiedot\/\"><span class=\"wp-block-navigation-item__label\">Yhteystiedot<\/span><\/a><\/li><li class=\" wp-block-navigation-item wp-block-navigation-link\"><a class=\"wp-block-navigation-item__content\"  href=\"https:\/\/www.juomapullotseuralle.fi\/index.php\/historia-ja-tausta\/\"><span class=\"wp-block-navigation-item__label\">Historia ja tausta<\/span><\/a><\/li><li class=\" wp-block-navigation-item wp-block-navigation-link\"><a class=\"wp-block-navigation-item__content\"  href=\"https:\/\/www.juomapullotseuralle.fi\/index.php\/toimitettuja-juomapulloja\/\"><span class=\"wp-block-navigation-item__label\">Toimitettuja juomapulloja<\/span><\/a><\/li><\/ul>\n\t\t\t\t\t\t\t<\/div>\n\t\t\t\t\t\t<\/div>\n\t\t\t\t\t<\/div>\n\t\t\t\t<\/div><\/nav><\/div>\n<\/div>\n\n\n\n<div class=\"wp-block-group alignfull has-global-padding is-layout-constrained wp-container-core-group-is-layout-5 wp-block-group-is-layout-constrained\" style=\"padding-top:var(--wp--preset--spacing--50);padding-right:var(--wp--preset--spacing--50);padding-bottom:var(--wp--preset--spacing--50);padding-left:var(--wp--preset--spacing--50)\">\n<figure class=\"wp-block-image alignwide size-full is-style-rounded is-style-rounded--2\"><img loading=\"lazy\" decoding=\"async\" width=\"2560\" height=\"1505\" src=\"http:\/\/www.juomapullotseuralle.fi\/wp-content\/uploads\/2025\/01\/IMG_4698-scaled.jpeg\" alt=\"\" class=\"wp-image-59\" srcset=\"https:\/\/www.juomapullotseuralle.fi\/wp-content\/uploads\/2025\/01\/IMG_4698-scaled.jpeg 2560w, https:\/\/www.juomapullotseuralle.fi\/wp-content\/uploads\/2025\/01\/IMG_4698-300x176.jpeg 300w, https:\/\/www.juomapullotseuralle.fi\/wp-content\/uploads\/2025\/01\/IMG_4698-1024x602.jpeg 1024w, https:\/\/www.juomapullotseuralle.fi\/wp-content\/uploads\/2025\/01\/IMG_4698-768x452.jpeg 768w, https:\/\/www.juomapullotseuralle.fi\/wp-content\/uploads\/2025\/01\/IMG_4698-1536x903.jpeg 1536w, https:\/\/www.juomapullotseuralle.fi\/wp-content\/uploads\/2025\/01\/IMG_4698-2048x1204.jpeg 2048w\" sizes=\"auto, (max-width: 2560px) 100vw, 2560px\" \/><\/figure>\n\n\n\n<div class=\"wp-block-group has-global-padding is-layout-constrained wp-container-core-group-is-layout-4 wp-block-group-is-layout-constrained\">\n<h1 class=\"wp-block-heading has-text-align-center has-x-large-font-size\">Seuran logolla varustettuja juomapulloja muutamassa viikossa toimitettuna joukkueille. Maksu toimituksen j\u00e4lkeen.<\/h1>\n\n\n\n<div style=\"height:1.25rem\" aria-hidden=\"true\" class=\"wp-block-spacer\"><\/div>\n\n\n\n<p class=\"has-text-align-center\"><\/p>\n<\/div>\n\n\n\n<div style=\"height:var(--wp--preset--spacing--30)\" aria-hidden=\"true\" class=\"wp-block-spacer\"><\/div>\n<\/div>\n\n\n\n<div class=\"wp-block-group alignfull has-base-2-background-color has-background has-global-padding is-layout-constrained wp-container-core-group-is-layout-7 wp-block-group-is-layout-constrained\" style=\"margin-top:0;margin-bottom:0;padding-top:var(--wp--preset--spacing--50);padding-right:var(--wp--preset--spacing--50);padding-bottom:var(--wp--preset--spacing--50);padding-left:var(--wp--preset--spacing--50)\">\n<div class=\"wp-block-group is-vertical is-content-justification-center is-layout-flex wp-container-core-group-is-layout-6 wp-block-group-is-layout-flex\">\n<h2 class=\"wp-block-heading has-text-align-center is-style-asterisk\">Juomapullolla seuran br\u00e4ndi vahvistuu<\/h2>\n\n\n\n<div style=\"height:0px\" aria-hidden=\"true\" class=\"wp-block-spacer wp-container-content-1\"><\/div>\n<\/div>\n\n\n\n<div style=\"margin-top:0;margin-bottom:0;height:var(--wp--preset--spacing--40)\" aria-hidden=\"true\" class=\"wp-block-spacer\"><\/div>\n\n\n\n<div class=\"wp-block-columns alignwide is-layout-flex wp-container-core-columns-is-layout-1 wp-block-columns-is-layout-flex\">\n<div class=\"wp-block-column is-layout-flow wp-container-core-column-is-layout-1 wp-block-column-is-layout-flow\">\n<h3 class=\"wp-block-heading has-text-align-left is-style-asterisk has-body-font-family has-medium-font-size\" style=\"font-style:normal;font-weight:600\">Yhteys ja kuuluvuus &#8211; side<\/h3>\n\n\n\n<p class=\"has-text-align-left\">Oman seuran logolla varustettu juomapullo vahvistaa pelaajan yhteys ja side seuraan. Pelaaja kuuluu seuraan.  <\/p>\n<\/div>\n\n\n\n<div class=\"wp-block-column is-layout-flow wp-container-core-column-is-layout-2 wp-block-column-is-layout-flow\">\n<h3 class=\"wp-block-heading has-text-align-left is-style-asterisk has-body-font-family has-medium-font-size\" style=\"font-style:normal;font-weight:600\">Aina mukana<\/h3>\n\n\n\n<p class=\"has-text-align-left\">Juomapullo kulkee pelaajan mukana kaikkiin harjoituksiin ja otteluihin. Pelaajalla on juomapullo mukana kouluretkill\u00e4 sek\u00e4 vapaa-ajalla yst\u00e4vien kanssa puistossa.<\/p>\n<\/div>\n\n\n\n<div class=\"wp-block-column is-layout-flow wp-container-core-column-is-layout-3 wp-block-column-is-layout-flow\">\n<h3 class=\"wp-block-heading has-text-align-left is-style-asterisk has-body-font-family has-medium-font-size\" style=\"font-style:normal;font-weight:600\">Seuran jatkuvaa mainontaa<\/h3>\n\n\n\n<p class=\"has-text-align-left\">Juomapullon k\u00e4yt\u00f6n my\u00f6t\u00e4 k\u00e4ytt\u00e4j\u00e4 levitt\u00e4\u00e4 ja mainostaa seuaa&nbsp;h\u00e4nen tiet\u00e4m\u00e4tt\u00e4\u00e4n. K\u00e4ytt\u00e4m\u00e4ll\u00e4 seuralogolla varustettua juomapulloa tieto seurasta levi\u00e4\u00e4 levi\u00e4\u00e4 joka kerta kun juomapullo on k\u00e4yt\u00f6ss\u00e4.  <\/p>\n<\/div>\n<\/div>\n\n\n\n<div style=\"height:var(--wp--preset--spacing--20)\" aria-hidden=\"true\" class=\"wp-block-spacer\"><\/div>\n\n\n\n<div class=\"wp-block-columns alignwide is-layout-flex wp-container-core-columns-is-layout-2 wp-block-columns-is-layout-flex\">\n<div class=\"wp-block-column is-layout-flow wp-container-core-column-is-layout-4 wp-block-column-is-layout-flow\">\n<h3 class=\"wp-block-heading has-text-align-left is-style-asterisk has-body-font-family has-medium-font-size\" style=\"font-style:normal;font-weight:600\">Kouluretkell\u00e4 ja kuntosalilla<\/h3>\n\n\n\n<p class=\"has-text-align-left\">Juomapullo on aina mukanasi. Nuori tarvitsee juomapullon kouluretkelle kun taas v\u00e4h\u00e4n vanhempi tarvitsee juomapullon kuntosalille. I\u00e4st\u00e4 riippumatta tarvitset hyvin usein juomapullon matkalle mukaan. <\/p>\n<\/div>\n\n\n\n<div class=\"wp-block-column is-layout-flow wp-container-core-column-is-layout-5 wp-block-column-is-layout-flow\">\n<h3 class=\"wp-block-heading has-text-align-left is-style-asterisk has-body-font-family has-medium-font-size\" style=\"font-style:normal;font-weight:600\">Br\u00e4ndi vahvistuu juomapulloilla<\/h3>\n\n\n\n<p class=\"has-text-align-left\">Juomapulloja k\u00e4ytet\u00e4\u00e4n kaikissa tilaisuuksissa. Kaikki tilaisuudet on t\u00e4ten paikka jossa seura voi vahvistaa omaa br\u00e4ndi\u00e4 ja levitt\u00e4\u00e4 tietoa omasta seurasta.<\/p>\n<\/div>\n\n\n\n<div class=\"wp-block-column is-layout-flow wp-container-core-column-is-layout-6 wp-block-column-is-layout-flow\"><\/div>\n<\/div>\n<\/div>\n\n\n\n<figure class=\"wp-block-image size-large\"><img loading=\"lazy\" decoding=\"async\" width=\"768\" height=\"1024\" src=\"http:\/\/www.juomapullotseuralle.fi\/wp-content\/uploads\/2025\/01\/IMG_4694-768x1024.jpeg\" alt=\"\" class=\"wp-image-58\" srcset=\"https:\/\/www.juomapullotseuralle.fi\/wp-content\/uploads\/2025\/01\/IMG_4694-768x1024.jpeg 768w, https:\/\/www.juomapullotseuralle.fi\/wp-content\/uploads\/2025\/01\/IMG_4694-225x300.jpeg 225w, https:\/\/www.juomapullotseuralle.fi\/wp-content\/uploads\/2025\/01\/IMG_4694-1152x1536.jpeg 1152w, https:\/\/www.juomapullotseuralle.fi\/wp-content\/uploads\/2025\/01\/IMG_4694-1536x2048.jpeg 1536w, https:\/\/www.juomapullotseuralle.fi\/wp-content\/uploads\/2025\/01\/IMG_4694-scaled.jpeg 1920w\" sizes=\"auto, (max-width: 768px) 100vw, 768px\" \/><\/figure>\n\n\n\n<p><\/p>\n","protected":false},"excerpt":{"rendered":"<p>Seuran logolla varustettuja juomapulloja muutamassa viikossa toimitettuna joukkueille. Maksu toimituksen j\u00e4lkeen. Juomapullolla seuran br\u00e4ndi vahvistuu Yhteys ja kuuluvuus &#8211; side Oman seuran logolla varustettu juomapullo vahvistaa pelaajan yhteys ja side seuraan. Pelaaja kuuluu seuraan. Aina mukana Juomapullo kulkee pelaajan mukana kaikkiin harjoituksiin ja otteluihin. Pelaajalla on juomapullo mukana kouluretkill\u00e4 sek\u00e4 vapaa-ajalla yst\u00e4vien kanssa puistossa. Seuran [&hellip;]<\/p>\n","protected":false},"author":1,"featured_media":0,"parent":0,"menu_order":0,"comment_status":"closed","ping_status":"closed","template":"","meta":{"footnotes":""},"class_list":["post-9","page","type-page","status-publish","hentry"],"_links":{"self":[{"href":"https:\/\/www.juomapullotseuralle.fi\/index.php\/wp-json\/wp\/v2\/pages\/9","targetHints":{"allow":["GET"]}}],"collection":[{"href":"https:\/\/www.juomapullotseuralle.fi\/index.php\/wp-json\/wp\/v2\/pages"}],"about":[{"href":"https:\/\/www.juomapullotseuralle.fi\/index.php\/wp-json\/wp\/v2\/types\/page"}],"author":[{"embeddable":true,"href":"https:\/\/www.juomapullotseuralle.fi\/index.php\/wp-json\/wp\/v2\/users\/1"}],"replies":[{"embeddable":true,"href":"https:\/\/www.juomapullotseuralle.fi\/index.php\/wp-json\/wp\/v2\/comments?post=9"}],"version-history":[{"count":9,"href":"https:\/\/www.juomapullotseuralle.fi\/index.php\/wp-json\/wp\/v2\/pages\/9\/revisions"}],"predecessor-version":[{"id":68,"href":"https:\/\/www.juomapullotseuralle.fi\/index.php\/wp-json\/wp\/v2\/pages\/9\/revisions\/68"}],"wp:attachment":[{"href":"https:\/\/www.juomapullotseuralle.fi\/index.php\/wp-json\/wp\/v2\/media?parent=9"}],"curies":[{"name":"wp","href":"https:\/\/api.w.org\/{rel}","templated":true}]}}